{"id":982,"date":"2018-02-16T16:05:31","date_gmt":"2018-02-16T15:05:31","guid":{"rendered":"https:\/\/mapletown.se\/?page_id=982"},"modified":"2018-03-02T15:52:23","modified_gmt":"2018-03-02T14:52:23","slug":"about-us","status":"publish","type":"page","link":"https:\/\/mapletown.se\/en\/about-us\/","title":{"rendered":"About us"},"content":{"rendered":"<p>[et_pb_section fb_built=&#8221;1&#8243; fullwidth=&#8221;on&#8221; _builder_version=&#8221;3.0.92&#8243; custom_padding=&#8221;|||&#8221;][et_pb_fullwidth_header title=&#8221;About us&#8221; background_layout=&#8221;dark&#8221; text_orientation=&#8221;center&#8221; background_overlay_color=&#8221;rgba(27,95,125,0.3)&#8221; _builder_version=&#8221;3.0.101&#8243; title_font=&#8221;|||on|||||&#8221; background_image=&#8221;https:\/\/mapletown.se\/wp-content\/uploads\/2018\/01\/om-oss_blur.jpg&#8221; custom_margin=&#8221;|||&#8221; custom_padding=&#8221;20px|||&#8221;][\/et_pb_fullwidth_header][\/et_pb_section][et_pb_section fb_built=&#8221;1&#8243; admin_label=&#8221;section&#8221; _builder_version=&#8221;3.0.47&#8243; custom_padding=&#8221;60px|0px|150px|0px&#8221;][et_pb_row use_custom_gutter=&#8221;on&#8221; gutter_width=&#8221;2&#8243; custom_padding=&#8221;0px|0px|27px|0px&#8221; _builder_version=&#8221;3.0.97&#8243;][et_pb_column type=&#8221;1_2&#8243; _builder_version=&#8221;3.0.47&#8243; parallax=&#8221;off&#8221; parallax_method=&#8221;on&#8221;][et_pb_text _builder_version=&#8221;3.0.105&#8243; header_3_text_color=&#8221;#9bc23c&#8221;]<\/p>\n<h3>About Vini\u0161\u0107e<\/h3>\n<p>Location: <span lang=\"en\">Approximately <\/span>25 minutes west of Split airport, Dalmatien, Croatia.<\/p>\n<p><iframe loading=\"lazy\" src=\"https:\/\/www.google.com\/maps\/embed?pb=!1m18!1m12!1m3!1d6901.464657212394!2d16.115761661921134!3d43.48620219660849!2m3!1f0!2f0!3f0!3m2!1i1024!2i768!4f13.1!3m3!1m2!1s0x0%3A0x0!2zNDPCsDI5JzI3LjAiTiAxNsKwMDcnMTQuNCJF!5e1!3m2!1ssv!2sse!4v1519996713084\" style=\"border: 0;\" allowfullscreen=\"\" width=\"500\" height=\"300\" frameborder=\"0\"><\/iframe><\/p>\n<p>Vini\u0161\u0107e is an old fishing village that has managed to preserve its relaxed charm. Here you can buy fresh bread every morning, freshly caught fish is sold directly at the bay and the fruit and vegetables are delivered to the sales stand every morning from the farms up in the mountains. The village has a number of really good restaurants and a few grocery stores with deli.<\/p>\n<p>Vini\u0161\u0107e is situated in a bay inside one of the Mediterranean&#8217;s most beautiful archipelagos with lovely turquoise bays and lagoons &#8211; it&#8217;s easy to find your own favourite! An hour&#8217;s drive from the village you find the unique nature reserve Krka. Here you will find magnificent waterfalls, fairytale forests and on a small island in the middle of a lake is a still active, medieval monastery. The Venetian heritage is generally present in the architecture and culture. The easiest way to experience this is in the narrow alleys inside the ancient city walls of Trogir, only 15-20 minutes by car from Vini\u0161\u0107e. The food is typical Mediterranean cuisine with fresh local ingredients and pure flavours. Vini\u0161\u0107e is an old wine growing and fishing village. People safeguard their integrity and allow no large hotel complexes, in fact, no buildings may be built with more three floors and it is close to everything. Here a humble, luxurious and relaxed attitude prevails, which makes it a perfect place to spend the holidays with loved ones.<\/p>\n<p>[\/et_pb_text][\/et_pb_column][et_pb_column type=&#8221;1_2&#8243; _builder_version=&#8221;3.0.47&#8243; parallax=&#8221;off&#8221; parallax_method=&#8221;on&#8221;][et_pb_text _builder_version=&#8221;3.0.97&#8243; text_font=&#8221;||||||||&#8221; locked=&#8221;off&#8221;]<\/p>\n<h3>Vad g\u00f6r v\u00e5ra l\u00e4genheter unika?<\/h3>\n<p>H\u00f6g standard p\u00e5 l\u00e4genheterna, inventarierna, uteplatserna samt det nybyggda poolomr\u00e5det. Praktiskt med flera l\u00e4genheter i samma hus om man vill resa tillsammans med familj och v\u00e4nner. Perfekt l\u00e4ge med promenadavst\u00e5nd till allt i byn. Stora m\u00f6jligheter tillsp\u00e4nnande utflykter och roliga aktiviteter i n\u00e4romr\u00e5det.<br \/>\n[\/et_pb_text][et_pb_button button_url=&#8221;\/en\/apartments\/&#8221; button_text=&#8221;Read more about our apartments&#8221; _builder_version=&#8221;3.0.101&#8243; custom_margin=&#8221;||20px|&#8221; custom_button=&#8221;on&#8221; button_text_size=&#8221;14px&#8221;][\/et_pb_button][et_pb_text _builder_version=&#8221;3.0.97&#8243; text_font=&#8221;||||||||&#8221; locked=&#8221;off&#8221;]<\/p>\n<h3>Varf\u00f6r just Vini\u0161\u0107e?<\/h3>\n<p>Sedan den d\u00e4r f\u00f6rsta veckan i Vini\u0161\u0107e i juli 2010, har vi l\u00e4ngtat tillbaka till solen, v\u00e4rmen, havet och avkopplingen. I Vini\u0161\u0107e bor vi bekv\u00e4mt i l\u00e4genheter av h\u00f6gsta standard precis vid poolen och med det kristallklara havet bara ett par hundra meter bort. Byn ligger avskilt, men \u00e4nd\u00e5 med s\u00e5 mycket att uppleva precis utanf\u00f6r viken eller p\u00e5 andra sidan berget. Kanske \u00e4r det \u00e4nd\u00e5 bilden av de b\u00f6ljande gr\u00f6na bergen och det bl\u00e5 havet som omringar byns mestadels vita stenhus, som jag b\u00e4r med mig hemma under gr\u00e5kalla vinterdagar.<br \/>\n[\/et_pb_text][et_pb_button button_url=&#8221;https:\/\/mapletown.se\/kontakt\/&#8221; button_text=&#8221;V\u00e4lkomna med er bokningsf\u00f6rfr\u00e5gan!&#8221; disabled_on=&#8221;off|off|off&#8221; _builder_version=&#8221;3.0.105&#8243; custom_margin=&#8221;|||&#8221; custom_padding=&#8221;|||&#8221; custom_button=&#8221;on&#8221; button_text_size=&#8221;14px&#8221; button_font=&#8221;||||||||&#8221;][\/et_pb_button][\/et_pb_column][\/et_pb_row][et_pb_row use_custom_gutter=&#8221;on&#8221; gutter_width=&#8221;1&#8243; custom_padding=&#8221;27px|0px|27px|0px&#8221; _builder_version=&#8221;3.0.97&#8243;][et_pb_column type=&#8221;4_4&#8243; _builder_version=&#8221;3.0.47&#8243; parallax=&#8221;off&#8221; parallax_method=&#8221;on&#8221;][et_pb_gallery gallery_ids=&#8221;427,429,430,431,432,433,434,435,437,438,439,440,441,442,443,444,445,446,447&#8243; gallery_captions=&#8221;<br \/>\nHitta er egen favorit bland alla ljuvliga vikar! B\u00e5t finns att hyra i byn.,<br \/>\nI Vinisce \u00e4r havet alltid n\u00e4ra. \u00c4ven kulturminnen, parker &#038; fartfyllda aktiviter.,<br \/>\nLunch p\u00e5 Konoba Lanterna \u00e4r en upplevele ut\u00f6ver det vanliga.,Vacker natur,Bl\u00e5 himmel och bl\u00e5tt hav,Vacker milj\u00f6,Avslappning och lyx,God mat,Sm\u00e5b\u00e5tshamn,Strand,<br \/>\nV\u00e4gen utanf\u00f6r huset ner mot viken. N\u00e4rmsta matbutiken ligger h\u00e4r till h\u00f6ger.,F\u00e4rskt br\u00f6d,Fiskmarknad,Fruktst\u00e5nd,Vackra gator,Frukttr\u00e4d,Badstege,B\u00e5t,Konoba Porat&#8221; posts_number=&#8221;20&#8243; show_title_and_caption=&#8221;off&#8221; show_pagination=&#8221;off&#8221; hover_overlay_color=&#8221;rgba(255,255,255,0.7)&#8221; hover_icon=&#8221;%%200%%&#8221; _builder_version=&#8221;3.0.97&#8243; pagination_font=&#8221;||||||||&#8221; custom_css_gallery_item=&#8221;padding:3px&#8221; locked=&#8221;off&#8221;][\/et_pb_gallery][\/et_pb_column][\/et_pb_row][\/et_pb_section]<\/p>\n","protected":false},"excerpt":{"rendered":"<p>About Vini\u0161\u0107e Location: Approximately 25 minutes west of Split airport, Dalmatien, Croatia. Vini\u0161\u0107e is an old fishing village that has managed to preserve its relaxed charm. Here you can buy fresh bread every morning, freshly caught fish is sold directly at the bay and the fruit and vegetables are delivered to the sales stand every [&hellip;]<\/p>\n","protected":false},"author":1,"featured_media":0,"parent":0,"menu_order":0,"comment_status":"closed","ping_status":"closed","template":"","meta":{"_et_pb_use_builder":"on","_et_pb_old_content":"","_et_gb_content_width":"","footnotes":""},"class_list":["post-982","page","type-page","status-publish","hentry"],"_links":{"self":[{"href":"https:\/\/mapletown.se\/en\/wp-json\/wp\/v2\/pages\/982\/"}],"collection":[{"href":"https:\/\/mapletown.se\/en\/wp-json\/wp\/v2\/pages\/"}],"about":[{"href":"https:\/\/mapletown.se\/en\/wp-json\/wp\/v2\/types\/page\/"}],"author":[{"embeddable":true,"href":"https:\/\/mapletown.se\/en\/wp-json\/wp\/v2\/users\/1\/"}],"replies":[{"embeddable":true,"href":"https:\/\/mapletown.se\/en\/wp-json\/wp\/v2\/comments\/?post=982"}],"version-history":[{"count":8,"href":"https:\/\/mapletown.se\/en\/wp-json\/wp\/v2\/pages\/982\/revisions\/"}],"predecessor-version":[{"id":1119,"href":"https:\/\/mapletown.se\/en\/wp-json\/wp\/v2\/pages\/982\/revisions\/1119\/"}],"wp:attachment":[{"href":"https:\/\/mapletown.se\/en\/wp-json\/wp\/v2\/media\/?parent=982"}],"curies":[{"name":"wp","href":"https:\/\/api.w.org\/{rel}","templated":true}]}}